{"id":39,"date":"2020-05-29T14:38:56","date_gmt":"2020-05-29T14:38:56","guid":{"rendered":"https:\/\/suzart.cnt.br\/wp\/?page_id=39"},"modified":"2020-08-16T19:00:12","modified_gmt":"2020-08-16T19:00:12","slug":"publicacoes","status":"publish","type":"page","link":"https:\/\/suzart.cnt.br\/wp\/publicacoes\/","title":{"rendered":"Publica\u00e7\u00f5es"},"content":{"rendered":"\n<div class=\"wp-block-columns is-layout-flex wp-container-core-columns-is-layout-1 wp-block-columns-is-layout-flex\">\n<div class=\"wp-block-column is-layout-flow wp-block-column-is-layout-flow\">\n<figure class=\"wp-block-image size-large\"><img loading=\"lazy\" decoding=\"async\" width=\"700\" height=\"799\" src=\"https:\/\/suzart.cnt.br\/wp\/wp-content\/uploads\/2020\/05\/artigos-700x799.jpg\" alt=\"\" class=\"wp-image-40\" srcset=\"https:\/\/suzart.cnt.br\/wp\/wp-content\/uploads\/2020\/05\/artigos-700x799.jpg 700w, https:\/\/suzart.cnt.br\/wp\/wp-content\/uploads\/2020\/05\/artigos-263x300.jpg 263w, https:\/\/suzart.cnt.br\/wp\/wp-content\/uploads\/2020\/05\/artigos-768x876.jpg 768w, https:\/\/suzart.cnt.br\/wp\/wp-content\/uploads\/2020\/05\/artigos.jpg 800w\" sizes=\"auto, (max-width: 700px) 85vw, 700px\" \/><figcaption>Artigos<\/figcaption><\/figure>\n\n\n\n<p><b><u><a href=\"https:\/\/www.suzart.cnt.br\/rd\" target=\"_blank\" rel=\"noreferrer noopener\">Clique aqui<\/a><\/u><\/b> para acessar a cole\u00e7\u00e3o de artigos publicados.<\/p>\n<\/div>\n\n\n\n<div class=\"wp-block-column is-layout-flow wp-block-column-is-layout-flow\">\n<figure class=\"wp-block-image size-large\"><img loading=\"lazy\" decoding=\"async\" width=\"700\" height=\"799\" src=\"https:\/\/suzart.cnt.br\/wp\/wp-content\/uploads\/2020\/05\/livros-1-700x799.jpg\" alt=\"\" class=\"wp-image-42\" srcset=\"https:\/\/suzart.cnt.br\/wp\/wp-content\/uploads\/2020\/05\/livros-1-700x799.jpg 700w, https:\/\/suzart.cnt.br\/wp\/wp-content\/uploads\/2020\/05\/livros-1-263x300.jpg 263w, https:\/\/suzart.cnt.br\/wp\/wp-content\/uploads\/2020\/05\/livros-1-768x876.jpg 768w, https:\/\/suzart.cnt.br\/wp\/wp-content\/uploads\/2020\/05\/livros-1.jpg 800w\" sizes=\"auto, (max-width: 700px) 85vw, 700px\" \/><figcaption>Livros<\/figcaption><\/figure>\n\n\n\n<p><b><u><a href=\"https:\/\/suzart.cnt.br\/wp\/livros-publicados\">Clique aqui<\/a><\/u><\/b> para acessar a rela\u00e7\u00e3o de livros publicados.<\/p>\n<\/div>\n<\/div>\n\n\n\n<p class=\"a{color:blue;text-decoration:underline;} a:visited{color:gray;} a:hover{font-weight:bold;}\"><\/p>\n","protected":false},"excerpt":{"rendered":"<p>Clique aqui para acessar a cole\u00e7\u00e3o de artigos publicados. Clique aqui para acessar a rela\u00e7\u00e3o de livros publicados.<\/p>\n","protected":false},"author":1,"featured_media":0,"parent":0,"menu_order":0,"comment_status":"closed","ping_status":"closed","template":"","meta":{"footnotes":""},"class_list":["post-39","page","type-page","status-publish","hentry"],"_links":{"self":[{"href":"https:\/\/suzart.cnt.br\/wp\/wp-json\/wp\/v2\/pages\/39","targetHints":{"allow":["GET"]}}],"collection":[{"href":"https:\/\/suzart.cnt.br\/wp\/wp-json\/wp\/v2\/pages"}],"about":[{"href":"https:\/\/suzart.cnt.br\/wp\/wp-json\/wp\/v2\/types\/page"}],"author":[{"embeddable":true,"href":"https:\/\/suzart.cnt.br\/wp\/wp-json\/wp\/v2\/users\/1"}],"replies":[{"embeddable":true,"href":"https:\/\/suzart.cnt.br\/wp\/wp-json\/wp\/v2\/comments?post=39"}],"version-history":[{"count":8,"href":"https:\/\/suzart.cnt.br\/wp\/wp-json\/wp\/v2\/pages\/39\/revisions"}],"predecessor-version":[{"id":110,"href":"https:\/\/suzart.cnt.br\/wp\/wp-json\/wp\/v2\/pages\/39\/revisions\/110"}],"wp:attachment":[{"href":"https:\/\/suzart.cnt.br\/wp\/wp-json\/wp\/v2\/media?parent=39"}],"curies":[{"name":"wp","href":"https:\/\/api.w.org\/{rel}","templated":true}]}}